{"id":3356,"date":"2024-05-28T09:14:36","date_gmt":"2024-05-28T07:14:36","guid":{"rendered":"https:\/\/muzeum.orlaihaz.mezobereny.hu\/?page_id=3356"},"modified":"2024-05-28T11:01:34","modified_gmt":"2024-05-28T09:01:34","slug":"archivum","status":"publish","type":"page","link":"https:\/\/muzeum.orlaihaz.mezobereny.hu\/?page_id=3356","title":{"rendered":"Arch\u00edvum"},"content":{"rendered":"\t\t<div data-elementor-type=\"wp-page\" data-elementor-id=\"3356\" class=\"elementor elementor-3356\">\n\t\t\t\t<div class=\"elementor-element elementor-element-6583900f e-flex e-con-boxed e-con e-parent\" data-id=\"6583900f\" data-element_type=\"container\">\n\t\t\t\t\t<div class=\"e-con-inner\">\n\t\t\t\t<div class=\"elementor-element elementor-element-1c5ece93 elementor-widget elementor-widget-text-editor\" data-id=\"1c5ece93\" data-element_type=\"widget\" data-widget_type=\"text-editor.default\">\n\t\t\t\t<div class=\"elementor-widget-container\">\n\t\t\t\t\t\t\t<!-- wp:group {\"layout\":{\"type\":\"constrained\"}} -->\n<div class=\"wp-block-group\"><!-- wp:archives \/--><\/div>\n<!-- \/wp:group -->\t\t\t\t\t\t<\/div>\n\t\t\t\t<\/div>\n\t\t\t\t\t<\/div>\n\t\t\t\t<\/div>\n\t\t<div class=\"elementor-element elementor-element-e2bb129 e-flex e-con-boxed e-con e-parent\" data-id=\"e2bb129\" data-element_type=\"container\">\n\t\t\t\t\t<div class=\"e-con-inner\">\n\t\t\t\t<div class=\"elementor-element elementor-element-1f15a7f elementor-widget elementor-widget-wp-widget-archives\" data-id=\"1f15a7f\" data-element_type=\"widget\" data-widget_type=\"wp-widget-archives.default\">\n\t\t\t\t<div class=\"elementor-widget-container\">\n\t\t\t<h5>Arch\u00edvum<\/h5>\t\t<label class=\"screen-reader-text\" for=\"archives-dropdown-REPLACE_TO_ID\">Arch\u00edvum<\/label>\n\t\t<select id=\"archives-dropdown-REPLACE_TO_ID\" name=\"archive-dropdown\">\n\t\t\t\n\t\t\t<option value=\"\">H\u00f3nap kijel\u00f6l\u00e9se<\/option>\n\t\t\t\t<option value='https:\/\/muzeum.orlaihaz.mezobereny.hu\/?m=202603'> 2026. m\u00e1rcius &nbsp;(1)<\/option>\n\t<option value='https:\/\/muzeum.orlaihaz.mezobereny.hu\/?m=202602'> 2026. febru\u00e1r &nbsp;(1)<\/option>\n\t<option value='https:\/\/muzeum.orlaihaz.mezobereny.hu\/?m=202601'> 2026. janu\u00e1r &nbsp;(1)<\/option>\n\t<option value='https:\/\/muzeum.orlaihaz.mezobereny.hu\/?m=202512'> 2025. december &nbsp;(1)<\/option>\n\t<option value='https:\/\/muzeum.orlaihaz.mezobereny.hu\/?m=202511'> 2025. november &nbsp;(2)<\/option>\n\t<option value='https:\/\/muzeum.orlaihaz.mezobereny.hu\/?m=202510'> 2025. okt\u00f3ber &nbsp;(1)<\/option>\n\t<option value='https:\/\/muzeum.orlaihaz.mezobereny.hu\/?m=202509'> 2025. szeptember &nbsp;(1)<\/option>\n\t<option value='https:\/\/muzeum.orlaihaz.mezobereny.hu\/?m=202508'> 2025. augusztus &nbsp;(1)<\/option>\n\t<option value='https:\/\/muzeum.orlaihaz.mezobereny.hu\/?m=202507'> 2025. j\u00falius &nbsp;(2)<\/option>\n\t<option value='https:\/\/muzeum.orlaihaz.mezobereny.hu\/?m=202506'> 2025. j\u00fanius &nbsp;(3)<\/option>\n\t<option value='https:\/\/muzeum.orlaihaz.mezobereny.hu\/?m=202505'> 2025. m\u00e1jus &nbsp;(1)<\/option>\n\t<option value='https:\/\/muzeum.orlaihaz.mezobereny.hu\/?m=202504'> 2025. \u00e1prilis &nbsp;(1)<\/option>\n\t<option value='https:\/\/muzeum.orlaihaz.mezobereny.hu\/?m=202411'> 2024. november &nbsp;(2)<\/option>\n\t<option value='https:\/\/muzeum.orlaihaz.mezobereny.hu\/?m=202410'> 2024. okt\u00f3ber &nbsp;(2)<\/option>\n\t<option value='https:\/\/muzeum.orlaihaz.mezobereny.hu\/?m=202407'> 2024. j\u00falius &nbsp;(1)<\/option>\n\t<option value='https:\/\/muzeum.orlaihaz.mezobereny.hu\/?m=202406'> 2024. j\u00fanius &nbsp;(2)<\/option>\n\t<option value='https:\/\/muzeum.orlaihaz.mezobereny.hu\/?m=202405'> 2024. m\u00e1jus &nbsp;(6)<\/option>\n\t<option value='https:\/\/muzeum.orlaihaz.mezobereny.hu\/?m=202404'> 2024. \u00e1prilis &nbsp;(2)<\/option>\n\t<option value='https:\/\/muzeum.orlaihaz.mezobereny.hu\/?m=202403'> 2024. m\u00e1rcius &nbsp;(3)<\/option>\n\t<option value='https:\/\/muzeum.orlaihaz.mezobereny.hu\/?m=202402'> 2024. febru\u00e1r &nbsp;(2)<\/option>\n\t<option value='https:\/\/muzeum.orlaihaz.mezobereny.hu\/?m=202401'> 2024. janu\u00e1r &nbsp;(2)<\/option>\n\t<option value='https:\/\/muzeum.orlaihaz.mezobereny.hu\/?m=202311'> 2023. november &nbsp;(2)<\/option>\n\t<option value='https:\/\/muzeum.orlaihaz.mezobereny.hu\/?m=202310'> 2023. okt\u00f3ber &nbsp;(2)<\/option>\n\t<option value='https:\/\/muzeum.orlaihaz.mezobereny.hu\/?m=202309'> 2023. szeptember &nbsp;(2)<\/option>\n\t<option value='https:\/\/muzeum.orlaihaz.mezobereny.hu\/?m=202308'> 2023. augusztus &nbsp;(2)<\/option>\n\t<option value='https:\/\/muzeum.orlaihaz.mezobereny.hu\/?m=202307'> 2023. j\u00falius &nbsp;(4)<\/option>\n\t<option value='https:\/\/muzeum.orlaihaz.mezobereny.hu\/?m=202306'> 2023. j\u00fanius &nbsp;(6)<\/option>\n\t<option value='https:\/\/muzeum.orlaihaz.mezobereny.hu\/?m=202305'> 2023. m\u00e1jus &nbsp;(5)<\/option>\n\t<option value='https:\/\/muzeum.orlaihaz.mezobereny.hu\/?m=202304'> 2023. \u00e1prilis &nbsp;(2)<\/option>\n\t<option value='https:\/\/muzeum.orlaihaz.mezobereny.hu\/?m=202303'> 2023. m\u00e1rcius &nbsp;(2)<\/option>\n\t<option value='https:\/\/muzeum.orlaihaz.mezobereny.hu\/?m=202302'> 2023. febru\u00e1r &nbsp;(1)<\/option>\n\t<option value='https:\/\/muzeum.orlaihaz.mezobereny.hu\/?m=202301'> 2023. janu\u00e1r &nbsp;(1)<\/option>\n\t<option value='https:\/\/muzeum.orlaihaz.mezobereny.hu\/?m=202209'> 2022. szeptember &nbsp;(1)<\/option>\n\t<option value='https:\/\/muzeum.orlaihaz.mezobereny.hu\/?m=202207'> 2022. j\u00falius &nbsp;(6)<\/option>\n\t<option value='https:\/\/muzeum.orlaihaz.mezobereny.hu\/?m=202206'> 2022. j\u00fanius &nbsp;(6)<\/option>\n\t<option value='https:\/\/muzeum.orlaihaz.mezobereny.hu\/?m=202205'> 2022. m\u00e1jus &nbsp;(2)<\/option>\n\t<option value='https:\/\/muzeum.orlaihaz.mezobereny.hu\/?m=202204'> 2022. \u00e1prilis &nbsp;(1)<\/option>\n\t<option value='https:\/\/muzeum.orlaihaz.mezobereny.hu\/?m=202203'> 2022. m\u00e1rcius &nbsp;(2)<\/option>\n\t<option value='https:\/\/muzeum.orlaihaz.mezobereny.hu\/?m=202202'> 2022. febru\u00e1r &nbsp;(2)<\/option>\n\t<option value='https:\/\/muzeum.orlaihaz.mezobereny.hu\/?m=202201'> 2022. janu\u00e1r &nbsp;(1)<\/option>\n\t<option value='https:\/\/muzeum.orlaihaz.mezobereny.hu\/?m=202112'> 2021. december &nbsp;(1)<\/option>\n\t<option value='https:\/\/muzeum.orlaihaz.mezobereny.hu\/?m=202111'> 2021. november &nbsp;(1)<\/option>\n\t<option value='https:\/\/muzeum.orlaihaz.mezobereny.hu\/?m=202110'> 2021. okt\u00f3ber &nbsp;(4)<\/option>\n\t<option value='https:\/\/muzeum.orlaihaz.mezobereny.hu\/?m=202109'> 2021. szeptember &nbsp;(1)<\/option>\n\t<option value='https:\/\/muzeum.orlaihaz.mezobereny.hu\/?m=202106'> 2021. j\u00fanius &nbsp;(1)<\/option>\n\t<option value='https:\/\/muzeum.orlaihaz.mezobereny.hu\/?m=202105'> 2021. m\u00e1jus &nbsp;(1)<\/option>\n\n\t\t<\/select>\n\n\t\t\t<script>\n(function() {\n\tvar dropdown = document.getElementById( \"archives-dropdown-REPLACE_TO_ID\" );\n\tfunction onSelectChange() {\n\t\tif ( dropdown.options[ dropdown.selectedIndex ].value !== '' ) {\n\t\t\tdocument.location.href = this.options[ this.selectedIndex ].value;\n\t\t}\n\t}\n\tdropdown.onchange = onSelectChange;\n})();\n<\/script>\n\t\t<\/div>\n\t\t\t\t<\/div>\n\t\t\t\t\t<\/div>\n\t\t\t\t<\/div>\n\t\t\t\t<\/div>\n\t\t","protected":false},"excerpt":{"rendered":"","protected":false},"author":1,"featured_media":0,"parent":0,"menu_order":0,"comment_status":"closed","ping_status":"closed","template":"","meta":{"site-sidebar-layout":"no-sidebar","site-content-layout":"","ast-site-content-layout":"full-width-container","site-content-style":"default","site-sidebar-style":"default","ast-global-header-display":"","ast-banner-title-visibility":"","ast-main-header-display":"","ast-hfb-above-header-display":"","ast-hfb-below-header-display":"","ast-hfb-mobile-header-display":"","site-post-title":"disabled","ast-breadcrumbs-content":"","ast-featured-img":"disabled","footer-sml-layout":"","theme-transparent-header-meta":"","adv-header-id-meta":"","stick-header-meta":"","header-above-stick-meta":"","header-main-stick-meta":"","header-below-stick-meta":"","astra-migrate-meta-layouts":"default","ast-page-background-enabled":"default","ast-page-background-meta":{"desktop":{"background-color":"var(--ast-global-color-4)","background-image":"","background-repeat":"repeat","background-position":"center center","background-size":"auto","background-attachment":"scroll","background-type":"","background-media":"","overlay-type":"","overlay-color":"","overlay-opacity":"","overlay-gradient":""},"tablet":{"background-color":"","background-image":"","background-repeat":"repeat","background-position":"center center","background-size":"auto","background-attachment":"scroll","background-type":"","background-media":"","overlay-type":"","overlay-color":"","overlay-opacity":"","overlay-gradient":""},"mobile":{"background-color":"","background-image":"","background-repeat":"repeat","background-position":"center center","background-size":"auto","background-attachment":"scroll","background-type":"","background-media":"","overlay-type":"","overlay-color":"","overlay-opacity":"","overlay-gradient":""}},"ast-content-background-meta":{"desktop":{"background-color":"var(--ast-global-color-5)","background-image":"","background-repeat":"repeat","background-position":"center center","background-size":"auto","background-attachment":"scroll","background-type":"","background-media":"","overlay-type":"","overlay-color":"","overlay-opacity":"","overlay-gradient":""},"tablet":{"background-color":"var(--ast-global-color-5)","background-image":"","background-repeat":"repeat","background-position":"center center","background-size":"auto","background-attachment":"scroll","background-type":"","background-media":"","overlay-type":"","overlay-color":"","overlay-opacity":"","overlay-gradient":""},"mobile":{"background-color":"var(--ast-global-color-5)","background-image":"","background-repeat":"repeat","background-position":"center center","background-size":"auto","background-attachment":"scroll","background-type":"","background-media":"","overlay-type":"","overlay-color":"","overlay-opacity":"","overlay-gradient":""}},"ngg_post_thumbnail":0,"footnotes":""},"class_list":["post-3356","page","type-page","status-publish","hentry"],"_links":{"self":[{"href":"https:\/\/muzeum.orlaihaz.mezobereny.hu\/index.php?rest_route=\/wp\/v2\/pages\/3356"}],"collection":[{"href":"https:\/\/muzeum.orlaihaz.mezobereny.hu\/index.php?rest_route=\/wp\/v2\/pages"}],"about":[{"href":"https:\/\/muzeum.orlaihaz.mezobereny.hu\/index.php?rest_route=\/wp\/v2\/types\/page"}],"author":[{"embeddable":true,"href":"https:\/\/muzeum.orlaihaz.mezobereny.hu\/index.php?rest_route=\/wp\/v2\/users\/1"}],"replies":[{"embeddable":true,"href":"https:\/\/muzeum.orlaihaz.mezobereny.hu\/index.php?rest_route=%2Fwp%2Fv2%2Fcomments&post=3356"}],"version-history":[{"count":4,"href":"https:\/\/muzeum.orlaihaz.mezobereny.hu\/index.php?rest_route=\/wp\/v2\/pages\/3356\/revisions"}],"predecessor-version":[{"id":3384,"href":"https:\/\/muzeum.orlaihaz.mezobereny.hu\/index.php?rest_route=\/wp\/v2\/pages\/3356\/revisions\/3384"}],"wp:attachment":[{"href":"https:\/\/muzeum.orlaihaz.mezobereny.hu\/index.php?rest_route=%2Fwp%2Fv2%2Fmedia&parent=3356"}],"curies":[{"name":"wp","href":"https:\/\/api.w.org\/{rel}","templated":true}]}}