{"id":3358,"date":"2024-05-28T09:14:38","date_gmt":"2024-05-28T07:14:38","guid":{"rendered":"https:\/\/muzeum.orlaihaz.mezobereny.hu\/?page_id=3358"},"modified":"2024-05-30T11:31:46","modified_gmt":"2024-05-30T09:31:46","slug":"szabaduloszoba","status":"publish","type":"page","link":"https:\/\/muzeum.orlaihaz.mezobereny.hu\/?page_id=3358","title":{"rendered":"Szabadul\u00f3szoba"},"content":{"rendered":"\t\t<div data-elementor-type=\"wp-page\" data-elementor-id=\"3358\" class=\"elementor elementor-3358\">\n\t\t\t\t<div class=\"elementor-element elementor-element-e97898e e-flex e-con-boxed e-con e-parent\" data-id=\"e97898e\" data-element_type=\"container\">\n\t\t\t\t\t<div class=\"e-con-inner\">\n\t\t\t\t<div class=\"elementor-element elementor-element-441ae4e elementor-widget elementor-widget-heading\" data-id=\"441ae4e\" data-element_type=\"widget\" data-widget_type=\"heading.default\">\n\t\t\t\t<div class=\"elementor-widget-container\">\n\t\t\t<h2 class=\"elementor-heading-title elementor-size-default\">Szabadul\u00f3szoba<\/h2>\t\t<\/div>\n\t\t\t\t<\/div>\n\t\t\t\t\t<\/div>\n\t\t\t\t<\/div>\n\t\t<div class=\"elementor-element elementor-element-7d09965 e-flex e-con-boxed e-con e-parent\" data-id=\"7d09965\" data-element_type=\"container\">\n\t\t\t\t\t<div class=\"e-con-inner\">\n\t\t<div class=\"elementor-element elementor-element-c660edd e-con-full e-flex e-con e-child\" data-id=\"c660edd\" data-element_type=\"container\">\n\t\t\t\t<div class=\"elementor-element elementor-element-10590a0 elementor-widget elementor-widget-text-editor\" data-id=\"10590a0\" data-element_type=\"widget\" data-widget_type=\"text-editor.default\">\n\t\t\t\t<div class=\"elementor-widget-container\">\n\t\t\t\t\t\t\t<p>A Wenckheim csal\u00e1d uradalmi kast\u00e9lya copf-empire st\u00edlusban \u00e9p\u00fclt. Kalandos t\u00f6rt\u00e9net\u00e9t sz\u00e1mos epiz\u00f3d hat\u00e1rozta meg, de a legkalandosabb r\u00e9sz a ma r\u00e1nk maradt \u00e9p\u00fclet pinc\u00e9j\u00e9ben j\u00e1tsz\u00f3dik. A Wenckheim k\u00fari\u00e1ban n\u00e9h\u00e1ny \u00e9vig le\u00e1nynevel\u0151 int\u00e9zet m\u0171k\u00f6d\u00f6tt, amit Festetich Vinc\u00e9n\u00e9 vezetett. Szendrey J\u00falia, Pet\u0151fi S\u00e1ndor feles\u00e9ge is 1838-40 k\u00f6z\u00f6tt az int\u00e9zet tanul\u00f3ja volt.<\/p><p>\u00a0A XIX. sz\u00e1zad k\u00f6zep\u00e9re, a szabads\u00e1gharc legforr\u00f3bb idej\u00e9re cs\u00f6ppen\u00fcnk vissza, ahol megelevenedik Szendrey J\u00falia \u00e9s Pet\u0151fi S\u00e1ndor szerelme, Bem t\u00e1bornok Pet\u0151fihez int\u00e9zett beh\u00edv\u00f3ja, a balj\u00f3s baleset Csipk\u00e1r fuvaros l\u0151cs\u00f6s kocsij\u00e1val. Ism\u00e9t f\u00f6lizzik az Orlai csal\u00e1d gy\u00f6tr\u0151d\u00e9se, hogy milyen tan\u00e1ccsal, \u00fatraval\u00f3val l\u00e1ss\u00e1k el Pet\u0151fi\u00e9ket, ha m\u00e1r lebesz\u00e9lni nem tudt\u00e1k \u0151ket a harcba vonul\u00e1sr\u00f3l.<\/p><p>\u00a0\u00c9s m\u00e9g valami t\u00f6rt\u00e9nt! A kast\u00e9ly pinc\u00e9je el\u00e1tkozott helly\u00e9 v\u00e1ltozott. Hogy mik\u00e9nt lehets\u00e9ges ez, \u00e9s hogyan t\u00f6rt\u00e9nhetett, azt senki sem tudja. De egy biztos: a b\u00e1natos Szendrey J\u00falia \u00e9s a kisfia, Zolt\u00e1n megriadt szelleme a mai napig itt bolyong, arra v\u00e1rva, hogy megszabaduljon. A szabads\u00e1gnak pedig nagy \u00e1ra van. \u00dagy j\u00f6het el, ha egy bar\u00e1ti csoport egy vagy t\u00f6bb tagj\u00e1t megk\u00f6t\u00f6zik, bez\u00e1rj\u00e1k a pince el\u00fcls\u0151 r\u00e9sz\u00e9be, a t\u00f6bbiek pedig vezekl\u00e9s \u00e9s a h\u00e1bor\u00faban gonossz\u00e1 v\u00e1lt lelkek engesztel\u00e9s\u00e9re megoldj\u00e1k az el\u00e9b\u00fck t\u00e1rt feladatokat.<\/p><p>K\u00e9pesek lenn\u00e9tek nyugalomba helyezni a bez\u00e1rt lelkeket? Esetleg te \u00e9s a csapatod k\u00e9pesek vagytok egy\u00fcttm\u0171k\u00f6dni? Gyertek \u00e9s pr\u00f3b\u00e1lj\u00e1tok ki magatokat a pince b\u00f6rt\u00f6n\u00fcnkben. A szabadul\u00f3 szob\u00e1ban 3-5 f\u0151s csoportok vehetnek r\u00e9szt 20 perces j\u00e1t\u00e9kid\u0151vel. A szabadul\u00f3 szoba 2024. J\u00fanius 1-t\u0151l l\u00e1togathat\u00f3 a m\u00fazeum nyitva tart\u00e1si ideje alatt.<\/p><p>Feln\u0151tt jegy: <strong>500Ft<\/strong><\/p><p>di\u00e1k: <strong>300Ft<\/strong><\/p><h4><strong>SZABADULJ HA TUDSZ!<\/strong><\/h4>\t\t\t\t\t\t<\/div>\n\t\t\t\t<\/div>\n\t\t\t\t<\/div>\n\t\t<div class=\"elementor-element elementor-element-cbfee81 e-con-full e-flex e-con e-child\" data-id=\"cbfee81\" data-element_type=\"container\">\n\t\t<div class=\"elementor-element elementor-element-16cfc52 e-flex e-con-boxed e-con e-child\" data-id=\"16cfc52\" data-element_type=\"container\">\n\t\t\t\t\t<div class=\"e-con-inner\">\n\t\t\t\t<div class=\"elementor-element elementor-element-1cb2e88 elementor-widget elementor-widget-image\" data-id=\"1cb2e88\" data-element_type=\"widget\" data-widget_type=\"image.default\">\n\t\t\t\t<div class=\"elementor-widget-container\">\n\t\t\t\t\t\t\t\t\t\t\t\t\t<img fetchpriority=\"high\" decoding=\"async\" width=\"1024\" height=\"683\" src=\"https:\/\/muzeum.orlaihaz.mezobereny.hu\/wp-content\/uploads\/sites\/3\/2024\/05\/DSC_0013.jpg\" class=\"attachment-large size-large wp-image-3549\" alt=\"\" srcset=\"https:\/\/muzeum.orlaihaz.mezobereny.hu\/wp-content\/uploads\/sites\/3\/2024\/05\/DSC_0013.jpg 1024w, https:\/\/muzeum.orlaihaz.mezobereny.hu\/wp-content\/uploads\/sites\/3\/2024\/05\/DSC_0013-300x200.jpg 300w, https:\/\/muzeum.orlaihaz.mezobereny.hu\/wp-content\/uploads\/sites\/3\/2024\/05\/DSC_0013-768x512.jpg 768w\" sizes=\"(max-width: 1024px) 100vw, 1024px\" \/>\t\t\t\t\t\t\t\t\t\t\t\t\t<\/div>\n\t\t\t\t<\/div>\n\t\t\t\t\t<\/div>\n\t\t\t\t<\/div>\n\t\t<div class=\"elementor-element elementor-element-3f3a423 e-flex e-con-boxed e-con e-child\" data-id=\"3f3a423\" data-element_type=\"container\">\n\t\t\t\t\t<div class=\"e-con-inner\">\n\t\t\t\t<div class=\"elementor-element elementor-element-3c7ee1d elementor-widget elementor-widget-image\" data-id=\"3c7ee1d\" data-element_type=\"widget\" data-widget_type=\"image.default\">\n\t\t\t\t<div class=\"elementor-widget-container\">\n\t\t\t\t\t\t\t\t\t\t\t\t\t<img decoding=\"async\" width=\"1024\" height=\"683\" src=\"https:\/\/muzeum.orlaihaz.mezobereny.hu\/wp-content\/uploads\/sites\/3\/2024\/05\/DSC_0200.jpg\" class=\"attachment-large size-large wp-image-3548\" alt=\"\" srcset=\"https:\/\/muzeum.orlaihaz.mezobereny.hu\/wp-content\/uploads\/sites\/3\/2024\/05\/DSC_0200.jpg 1024w, https:\/\/muzeum.orlaihaz.mezobereny.hu\/wp-content\/uploads\/sites\/3\/2024\/05\/DSC_0200-300x200.jpg 300w, https:\/\/muzeum.orlaihaz.mezobereny.hu\/wp-content\/uploads\/sites\/3\/2024\/05\/DSC_0200-768x512.jpg 768w\" sizes=\"(max-width: 1024px) 100vw, 1024px\" \/>\t\t\t\t\t\t\t\t\t\t\t\t\t<\/div>\n\t\t\t\t<\/div>\n\t\t\t\t\t<\/div>\n\t\t\t\t<\/div>\n\t\t\t\t<\/div>\n\t\t\t\t\t<\/div>\n\t\t\t\t<\/div>\n\t\t\t\t<\/div>\n\t\t","protected":false},"excerpt":{"rendered":"<p>Szabadul\u00f3szoba A Wenckheim csal\u00e1d uradalmi kast\u00e9lya copf-empire st\u00edlusban \u00e9p\u00fclt. Kalandos t\u00f6rt\u00e9net\u00e9t sz\u00e1mos epiz\u00f3d hat\u00e1rozta meg, de a legkalandosabb r\u00e9sz a ma r\u00e1nk maradt \u00e9p\u00fclet pinc\u00e9j\u00e9ben j\u00e1tsz\u00f3dik. A Wenckheim k\u00fari\u00e1ban n\u00e9h\u00e1ny [&hellip;]<\/p>\n","protected":false},"author":1,"featured_media":0,"parent":0,"menu_order":0,"comment_status":"closed","ping_status":"closed","template":"","meta":{"site-sidebar-layout":"no-sidebar","site-content-layout":"","ast-site-content-layout":"full-width-container","site-content-style":"default","site-sidebar-style":"default","ast-global-header-display":"","ast-banner-title-visibility":"","ast-main-header-display":"","ast-hfb-above-header-display":"","ast-hfb-below-header-display":"","ast-hfb-mobile-header-display":"","site-post-title":"disabled","ast-breadcrumbs-content":"","ast-featured-img":"disabled","footer-sml-layout":"","theme-transparent-header-meta":"","adv-header-id-meta":"","stick-header-meta":"","header-above-stick-meta":"","header-main-stick-meta":"","header-below-stick-meta":"","astra-migrate-meta-layouts":"default","ast-page-background-enabled":"default","ast-page-background-meta":{"desktop":{"background-color":"var(--ast-global-color-4)","background-image":"","background-repeat":"repeat","background-position":"center center","background-size":"auto","background-attachment":"scroll","background-type":"","background-media":"","overlay-type":"","overlay-color":"","overlay-opacity":"","overlay-gradient":""},"tablet":{"background-color":"","background-image":"","background-repeat":"repeat","background-position":"center center","background-size":"auto","background-attachment":"scroll","background-type":"","background-media":"","overlay-type":"","overlay-color":"","overlay-opacity":"","overlay-gradient":""},"mobile":{"background-color":"","background-image":"","background-repeat":"repeat","background-position":"center center","background-size":"auto","background-attachment":"scroll","background-type":"","background-media":"","overlay-type":"","overlay-color":"","overlay-opacity":"","overlay-gradient":""}},"ast-content-background-meta":{"desktop":{"background-color":"var(--ast-global-color-5)","background-image":"","background-repeat":"repeat","background-position":"center center","background-size":"auto","background-attachment":"scroll","background-type":"","background-media":"","overlay-type":"","overlay-color":"","overlay-opacity":"","overlay-gradient":""},"tablet":{"background-color":"var(--ast-global-color-5)","background-image":"","background-repeat":"repeat","background-position":"center center","background-size":"auto","background-attachment":"scroll","background-type":"","background-media":"","overlay-type":"","overlay-color":"","overlay-opacity":"","overlay-gradient":""},"mobile":{"background-color":"var(--ast-global-color-5)","background-image":"","background-repeat":"repeat","background-position":"center center","background-size":"auto","background-attachment":"scroll","background-type":"","background-media":"","overlay-type":"","overlay-color":"","overlay-opacity":"","overlay-gradient":""}},"ngg_post_thumbnail":0,"footnotes":""},"class_list":["post-3358","page","type-page","status-publish","hentry"],"_links":{"self":[{"href":"https:\/\/muzeum.orlaihaz.mezobereny.hu\/index.php?rest_route=\/wp\/v2\/pages\/3358"}],"collection":[{"href":"https:\/\/muzeum.orlaihaz.mezobereny.hu\/index.php?rest_route=\/wp\/v2\/pages"}],"about":[{"href":"https:\/\/muzeum.orlaihaz.mezobereny.hu\/index.php?rest_route=\/wp\/v2\/types\/page"}],"author":[{"embeddable":true,"href":"https:\/\/muzeum.orlaihaz.mezobereny.hu\/index.php?rest_route=\/wp\/v2\/users\/1"}],"replies":[{"embeddable":true,"href":"https:\/\/muzeum.orlaihaz.mezobereny.hu\/index.php?rest_route=%2Fwp%2Fv2%2Fcomments&post=3358"}],"version-history":[{"count":10,"href":"https:\/\/muzeum.orlaihaz.mezobereny.hu\/index.php?rest_route=\/wp\/v2\/pages\/3358\/revisions"}],"predecessor-version":[{"id":3555,"href":"https:\/\/muzeum.orlaihaz.mezobereny.hu\/index.php?rest_route=\/wp\/v2\/pages\/3358\/revisions\/3555"}],"wp:attachment":[{"href":"https:\/\/muzeum.orlaihaz.mezobereny.hu\/index.php?rest_route=%2Fwp%2Fv2%2Fmedia&parent=3358"}],"curies":[{"name":"wp","href":"https:\/\/api.w.org\/{rel}","templated":true}]}}