{"id":3362,"date":"2024-05-28T09:14:41","date_gmt":"2024-05-28T07:14:41","guid":{"rendered":"https:\/\/muzeum.orlaihaz.mezobereny.hu\/?page_id=3362"},"modified":"2024-05-29T15:06:39","modified_gmt":"2024-05-29T13:06:39","slug":"kastely-kavezo","status":"publish","type":"page","link":"https:\/\/muzeum.orlaihaz.mezobereny.hu\/?page_id=3362","title":{"rendered":"Kast\u00e9ly K\u00e1v\u00e9z\u00f3"},"content":{"rendered":"\t\t<div data-elementor-type=\"wp-page\" data-elementor-id=\"3362\" class=\"elementor elementor-3362\">\n\t\t\t\t<div class=\"elementor-element elementor-element-01e3ec6 e-flex e-con-boxed e-con e-parent\" data-id=\"01e3ec6\" data-element_type=\"container\">\n\t\t\t\t\t<div class=\"e-con-inner\">\n\t\t\t\t<div class=\"elementor-element elementor-element-257cd18 elementor-widget elementor-widget-heading\" data-id=\"257cd18\" data-element_type=\"widget\" data-widget_type=\"heading.default\">\n\t\t\t\t<div class=\"elementor-widget-container\">\n\t\t\t<h2 class=\"elementor-heading-title elementor-size-default\">Kast\u00e9ly K\u00e1v\u00e9z\u00f3<\/h2>\t\t<\/div>\n\t\t\t\t<\/div>\n\t\t\t\t\t<\/div>\n\t\t\t\t<\/div>\n\t\t<div class=\"elementor-element elementor-element-2991dd9 e-flex e-con-boxed e-con e-parent\" data-id=\"2991dd9\" data-element_type=\"container\">\n\t\t\t\t\t<div class=\"e-con-inner\">\n\t\t<div class=\"elementor-element elementor-element-08e6472 e-con-full e-flex e-con e-child\" data-id=\"08e6472\" data-element_type=\"container\">\n\t\t\t\t<div class=\"elementor-element elementor-element-a8436bd elementor-widget elementor-widget-text-editor\" data-id=\"a8436bd\" data-element_type=\"widget\" data-widget_type=\"text-editor.default\">\n\t\t\t\t<div class=\"elementor-widget-container\">\n\t\t\t\t\t\t\t<div dir=\"auto\">2024.02.06-\u00e1n nyitotta meg kapuit Mez\u0151ber\u00e9nyben a Kast\u00e9ly K\u00e1v\u00e9z\u00f3 a M\u00e9cses Egyes\u00fclet keze alatt, a lakoss\u00e1g t\u00f6bbs\u00e9ge \u00e1ltal m\u00fazeumk\u00e9nt ismert Wenckheim-Fej\u00e9rv\u00e1ry kast\u00e9lyban.<\/div><div dir=\"auto\">A k\u00e1v\u00e9 mellett megk\u00f3stolhatj\u00e1k a saj\u00e1t \u00fczem\u00fckben k\u00e9sz\u00edtett \u00e9des \u00e9s s\u00f3s s\u00fctem\u00e9nyeket egyar\u00e1nt. E<span class=\"x193iq5w xeuugli x13faqbe x1vvkbs x1xmvt09 x1lliihq x1s928wv xhkezso x1gmr53x x1cpjm7i x1fgarty x1943h6x xudqn12 x3x7a5m x6prxxf xvq8zen xo1l8bm xzsf02u x1yc453h\" dir=\"auto\">z a k\u00e1v\u00e9z\u00f3 sikert\u00f6rt\u00e9nete annak, hogy a megv\u00e1ltozott\u00a0 munkak\u00e9pess\u00e9g\u0171 emberek eg\u00e9szs\u00e9ges t\u00e1rsaikkal milyen eredm\u00e9nyekre k\u00e9pesek.<\/span><\/div><div dir=\"auto\"><div dir=\"auto\">\u00a0<\/div><div dir=\"auto\">h\u00e9tf\u0151:\u00a0 \u00a0 \u00a0 \u00a0\u00a0<strong> Z\u00e1rva<\/strong><\/div><div dir=\"auto\">kedd:\u00a0 \u00a0 \u00a0 \u00a0 \u00a0<strong>10:00-18:00<\/strong><\/div><div dir=\"auto\">szerda:\u00a0 \u00a0 \u00a0 \u00a0<strong>10:00-18:00<\/strong><\/div><div dir=\"auto\">cs\u00fct\u00f6rt\u00f6k:\u00a0 <strong>10:00-18:00<\/strong><\/div><div dir=\"auto\">p\u00e9ntek:<strong>\u00a0 \u00a0 \u00a0 10:00-18:00<\/strong><\/div><div dir=\"auto\">szombat:\u00a0 \u00a0<strong>10:00-18:00<\/strong><\/div><div dir=\"auto\">vas\u00e1rnap:\u00a0 <strong>Z\u00e1rva<\/strong><\/div><div dir=\"auto\">\u00a0<\/div><div class=\"x11i5rnm xat24cr x1mh8g0r x1vvkbs xtlvy1s x126k92a\"><div dir=\"auto\">C\u00edm: Mez\u0151ber\u00e9ny, F\u0151 \u00fat 1.<\/div><\/div><\/div>\t\t\t\t\t\t<\/div>\n\t\t\t\t<\/div>\n\t\t\t\t<\/div>\n\t\t<div class=\"elementor-element elementor-element-3135ecb e-con-full e-flex e-con e-child\" data-id=\"3135ecb\" data-element_type=\"container\">\n\t\t\t\t<div class=\"elementor-element elementor-element-15e92ec elementor-widget elementor-widget-image\" data-id=\"15e92ec\" data-element_type=\"widget\" data-widget_type=\"image.default\">\n\t\t\t\t<div class=\"elementor-widget-container\">\n\t\t\t\t\t\t\t\t\t\t\t\t\t<img fetchpriority=\"high\" decoding=\"async\" width=\"2048\" height=\"1536\" src=\"https:\/\/muzeum.orlaihaz.mezobereny.hu\/wp-content\/uploads\/sites\/3\/2024\/05\/425547505_407072471689206_6284608897820946007_n.jpg\" class=\"attachment-2048x2048 size-2048x2048 wp-image-3518\" alt=\"\" srcset=\"https:\/\/muzeum.orlaihaz.mezobereny.hu\/wp-content\/uploads\/sites\/3\/2024\/05\/425547505_407072471689206_6284608897820946007_n.jpg 2048w, https:\/\/muzeum.orlaihaz.mezobereny.hu\/wp-content\/uploads\/sites\/3\/2024\/05\/425547505_407072471689206_6284608897820946007_n-300x225.jpg 300w, https:\/\/muzeum.orlaihaz.mezobereny.hu\/wp-content\/uploads\/sites\/3\/2024\/05\/425547505_407072471689206_6284608897820946007_n-1024x768.jpg 1024w, https:\/\/muzeum.orlaihaz.mezobereny.hu\/wp-content\/uploads\/sites\/3\/2024\/05\/425547505_407072471689206_6284608897820946007_n-768x576.jpg 768w, https:\/\/muzeum.orlaihaz.mezobereny.hu\/wp-content\/uploads\/sites\/3\/2024\/05\/425547505_407072471689206_6284608897820946007_n-1536x1152.jpg 1536w\" sizes=\"(max-width: 2048px) 100vw, 2048px\" \/>\t\t\t\t\t\t\t\t\t\t\t\t\t<\/div>\n\t\t\t\t<\/div>\n\t\t\t\t<\/div>\n\t\t\t\t\t<\/div>\n\t\t\t\t<\/div>\n\t\t\t\t<\/div>\n\t\t","protected":false},"excerpt":{"rendered":"<p>Kast\u00e9ly K\u00e1v\u00e9z\u00f3 2024.02.06-\u00e1n nyitotta meg kapuit Mez\u0151ber\u00e9nyben a Kast\u00e9ly K\u00e1v\u00e9z\u00f3 a M\u00e9cses Egyes\u00fclet keze alatt, a lakoss\u00e1g t\u00f6bbs\u00e9ge \u00e1ltal m\u00fazeumk\u00e9nt ismert Wenckheim-Fej\u00e9rv\u00e1ry kast\u00e9lyban.A k\u00e1v\u00e9 mellett megk\u00f3stolhatj\u00e1k a saj\u00e1t \u00fczem\u00fckben k\u00e9sz\u00edtett [&hellip;]<\/p>\n","protected":false},"author":1,"featured_media":0,"parent":0,"menu_order":0,"comment_status":"closed","ping_status":"closed","template":"","meta":{"site-sidebar-layout":"no-sidebar","site-content-layout":"","ast-site-content-layout":"full-width-container","site-content-style":"default","site-sidebar-style":"default","ast-global-header-display":"","ast-banner-title-visibility":"","ast-main-header-display":"","ast-hfb-above-header-display":"","ast-hfb-below-header-display":"","ast-hfb-mobile-header-display":"","site-post-title":"disabled","ast-breadcrumbs-content":"","ast-featured-img":"disabled","footer-sml-layout":"","theme-transparent-header-meta":"","adv-header-id-meta":"","stick-header-meta":"","header-above-stick-meta":"","header-main-stick-meta":"","header-below-stick-meta":"","astra-migrate-meta-layouts":"default","ast-page-background-enabled":"default","ast-page-background-meta":{"desktop":{"background-color":"var(--ast-global-color-4)","background-image":"","background-repeat":"repeat","background-position":"center center","background-size":"auto","background-attachment":"scroll","background-type":"","background-media":"","overlay-type":"","overlay-color":"","overlay-opacity":"","overlay-gradient":""},"tablet":{"background-color":"","background-image":"","background-repeat":"repeat","background-position":"center center","background-size":"auto","background-attachment":"scroll","background-type":"","background-media":"","overlay-type":"","overlay-color":"","overlay-opacity":"","overlay-gradient":""},"mobile":{"background-color":"","background-image":"","background-repeat":"repeat","background-position":"center center","background-size":"auto","background-attachment":"scroll","background-type":"","background-media":"","overlay-type":"","overlay-color":"","overlay-opacity":"","overlay-gradient":""}},"ast-content-background-meta":{"desktop":{"background-color":"var(--ast-global-color-5)","background-image":"","background-repeat":"repeat","background-position":"center center","background-size":"auto","background-attachment":"scroll","background-type":"","background-media":"","overlay-type":"","overlay-color":"","overlay-opacity":"","overlay-gradient":""},"tablet":{"background-color":"var(--ast-global-color-5)","background-image":"","background-repeat":"repeat","background-position":"center center","background-size":"auto","background-attachment":"scroll","background-type":"","background-media":"","overlay-type":"","overlay-color":"","overlay-opacity":"","overlay-gradient":""},"mobile":{"background-color":"var(--ast-global-color-5)","background-image":"","background-repeat":"repeat","background-position":"center center","background-size":"auto","background-attachment":"scroll","background-type":"","background-media":"","overlay-type":"","overlay-color":"","overlay-opacity":"","overlay-gradient":""}},"ngg_post_thumbnail":0,"footnotes":""},"class_list":["post-3362","page","type-page","status-publish","hentry"],"_links":{"self":[{"href":"https:\/\/muzeum.orlaihaz.mezobereny.hu\/index.php?rest_route=\/wp\/v2\/pages\/3362"}],"collection":[{"href":"https:\/\/muzeum.orlaihaz.mezobereny.hu\/index.php?rest_route=\/wp\/v2\/pages"}],"about":[{"href":"https:\/\/muzeum.orlaihaz.mezobereny.hu\/index.php?rest_route=\/wp\/v2\/types\/page"}],"author":[{"embeddable":true,"href":"https:\/\/muzeum.orlaihaz.mezobereny.hu\/index.php?rest_route=\/wp\/v2\/users\/1"}],"replies":[{"embeddable":true,"href":"https:\/\/muzeum.orlaihaz.mezobereny.hu\/index.php?rest_route=%2Fwp%2Fv2%2Fcomments&post=3362"}],"version-history":[{"count":7,"href":"https:\/\/muzeum.orlaihaz.mezobereny.hu\/index.php?rest_route=\/wp\/v2\/pages\/3362\/revisions"}],"predecessor-version":[{"id":3526,"href":"https:\/\/muzeum.orlaihaz.mezobereny.hu\/index.php?rest_route=\/wp\/v2\/pages\/3362\/revisions\/3526"}],"wp:attachment":[{"href":"https:\/\/muzeum.orlaihaz.mezobereny.hu\/index.php?rest_route=%2Fwp%2Fv2%2Fmedia&parent=3362"}],"curies":[{"name":"wp","href":"https:\/\/api.w.org\/{rel}","templated":true}]}}